{"id":2420,"date":"2024-10-02T13:59:21","date_gmt":"2024-10-02T13:59:21","guid":{"rendered":"https:\/\/supermobiles.co.ke\/?post_type=product&#038;p=2420"},"modified":"2025-06-20T13:12:47","modified_gmt":"2025-06-20T13:12:47","slug":"google-pixel-9","status":"publish","type":"product","link":"https:\/\/supermobiles.co.ke\/?product=google-pixel-9","title":{"rendered":"Google Pixel 9"},"content":{"rendered":"<h2><strong>Google Pixel 9 in Kenya<\/strong><\/h2>\n<p>Google Pixel 9 Price in Kenya is Ksh78500 to Ksh.96000.Buy Google Pixel 9\u00a0 at <a href=\"https:\/\/supermobiles.co.ke\/\">Super Mobile Solutions.<\/a><\/p>\n<p>The new model from Google, released on 13<sup>th<\/sup>\u00a0August 2024, features a 6.3-inch OLED display with 1080*2424 pixel resolution and Gorilla Glass Victus 2 protection. The IP68 dust\/water resistant smartphone supports Nano-SIM and eSIM. It runs on Android 14, with up to 7 major Android upgrades, and is powered by an Octa-core, Google Tensor G4 (4 nm) processor. The operating system and chip are anchored by 128GB 12GB RAM \/ 256GB 12GB RAM internal memory (no memory card support.<\/p>\n<p>Pixel 9 is installed with a 50MP + 48MP dual main camera set and a single, 10.5MP front-facing camera. Running on a 5G network, Wi-Fi 802.11 a\/b\/g\/n\/ac\/6e\/7, tri-band, Bluetooth v5.3, and USB Type-C 3.2, the handset from Google is all set for new technological breakthroughs and great user experience. Powering it is a Li-Ion 4700mAh, non-removable battery, recharged by a 27W wired unit (PD3.0, PPS, 55% in 30 min). wireless charging options include 15W wireless (w\/ Pixel Stand), and 12W wireless (w\/Qi-compatible charger). It equally supports reverse wireless charging.<\/p>\n<h4>Google Pixel USPs<\/h4>\n<ul>\n<li><strong>Display:<\/strong>\u00a0It features a 6.3-inch OLED display with a 20:9 aspect ratio, 1080 x 2424 resolution, and Corning Gorilla Glass Victus. It supports a smooth display with a refresh rate of 60-120Hz and can reach up to 2700 nits peak brightness for HDR content.<\/li>\n<li><strong>Performance:<\/strong>\u00a0Powered by the Google Tensor G4 processor and 12 GB RAM, the Pixel 9 delivers smooth performance and responsiveness.<\/li>\n<li><strong>Optimized Security:<\/strong>\u00a0The Pixel 9 features end-to-end security designed by Google, including the Titan M2 security coprocessor and anti-malware protection.<\/li>\n<li><strong>Camera System:<\/strong>\u00a0The advanced dual rear camera system includes a 50MP wide lens and a 48MP ultrawide lens with Super Res Zoom up to 8x. Optical and electronic stabilization enhances photo quality.<\/li>\n<li><strong>Google<\/strong>\u00a0AI: The Pixel 9 leverages Google\u2019s AI capabilities, including access to AI models with a 1M token context window and Gemini for photo editing.<\/li>\n<li><strong>Battery Life:\u00a0<\/strong>With a typical 4,700 mAh battery (minimum 4558 mAh), Pixel 9 offers over 24 hours of usage. Extreme Battery Saver mode extends this to up to 100 hours. It supports fast wired charging (up to 27W) and wireless charging (Qi-certified).<\/li>\n<\/ul>\n<h3>Google Pixel 9 Features, Specifications and Price in Kenya<\/h3>\n<table>\n<tbody>\n<tr>\n<td width=\"132\"><strong>Brand<\/strong><\/td>\n<td width=\"466\">Google<\/td>\n<\/tr>\n<tr>\n<td width=\"132\"><strong>Model Name<\/strong><\/td>\n<td width=\"466\">Pixel 9<\/td>\n<\/tr>\n<tr>\n<td width=\"132\"><strong>Status<\/strong><\/td>\n<td width=\"466\">Available, from 22<sup>nd<\/sup>\u00a0August 2024<\/td>\n<\/tr>\n<tr>\n<td width=\"132\"><strong>Operating System<\/strong><\/td>\n<td width=\"466\">Android 14, up to 7 major Android upgrades<\/td>\n<\/tr>\n<tr>\n<td width=\"132\"><strong>Measurement<\/strong><\/td>\n<td width=\"466\">152.8 x 72 x 8.5 mm (6.02 x 2.83 x 0.33 in)<\/td>\n<\/tr>\n<tr>\n<td width=\"132\"><strong>Weight<\/strong><\/td>\n<td width=\"466\">190g<\/td>\n<\/tr>\n<tr>\n<td width=\"132\"><strong>Water Resistance<\/strong><\/td>\n<td width=\"466\">IP68 dust\/water resistant (up to 1.5m for 30 min)<\/td>\n<\/tr>\n<tr>\n<td width=\"132\"><strong>Display<\/strong><\/td>\n<td width=\"466\">\n<ul>\n<li>Type: OLED, 120Hz, HDR10+, 1800 nits (HBM), 2700 nits (peak)<\/li>\n<li>Size: 6.3 inches, 94.7 cm2 (~86.1% screen-to-body ratio)<\/li>\n<li>Resolution: 1080 x 2424 pixels, 20:9 ratio (~422 ppi density)<\/li>\n<li>Protection: Corning Gorilla Glass Victus 2<\/li>\n<li>Always-on display<\/li>\n<\/ul>\n<\/td>\n<\/tr>\n<tr>\n<td width=\"132\"><strong>Processing Unit<\/strong><\/td>\n<td width=\"466\">\n<ul>\n<li>Operating System: Android 14, up to 7 major Android upgrades<\/li>\n<li>CPU: Octa-core (1\u00d73.1 GHz Cortex-X4 &amp; 3\u00d72.6 GHz Cortex-A720 &amp; 4\u00d71.92 GHz Cortex-A520)<\/li>\n<li>GPU: Mali-G715 MC7<\/li>\n<\/ul>\n<\/td>\n<\/tr>\n<tr>\n<td width=\"132\"><strong>SIM Card<\/strong><\/td>\n<td width=\"466\">Nano-SIM and eSIM<\/td>\n<\/tr>\n<tr>\n<td width=\"132\"><strong>Camera Set Up<\/strong><\/td>\n<td width=\"466\"><strong>Main Camera<\/strong><\/p>\n<ul>\n<li>50 MP, f\/1.7, 25mm (wide), 1\/1.31\u2033, 1.2\u00b5m, dual pixel PDAF, OIS<\/li>\n<li>48 MP, f\/1.7, 123\u02da (ultrawide), 1\/2.55\u2033, dual pixel PDAF<\/li>\n<li><strong>Features:\u00a0<\/strong>Single-zone Laser AF, LED flash, Pixel Shift, Ultra-HDR, panorama, Best Take<\/li>\n<li><strong>Video:\u00a0<\/strong>4K@24\/30\/60fps, 1080p@24\/30\/60\/120\/240fps; gyro-EIS, OIS, 10-bit HDR<\/li>\n<\/ul>\n<p><strong>Selfie Camera<\/strong><\/p>\n<ul>\n<li>Single: 10.5 MP, f\/2.2, 20mm (ultrawide), 1\/3.1\u2033, 1.22\u00b5m, PDAF<\/li>\n<li>Features: Auto-HDR, panorama<\/li>\n<li>Video: 4K@30\/60fps, 1080p@30\/60fps<\/li>\n<\/ul>\n<\/td>\n<\/tr>\n<tr>\n<td width=\"132\"><strong>Connectivity<\/strong><\/td>\n<td width=\"466\">\n<ul>\n<li>Network: 5G Network enabled<\/li>\n<li>Technology: GSM \/ HSPA\/ LTE\/ 5G<\/li>\n<li>Network Speed: HSPA, LTE-A, 5G<\/li>\n<li>Supported bands: 2G, 3G, 4G, 5G<\/li>\n<li>SIM Type: Nano-SIM.<\/li>\n<\/ul>\n<\/td>\n<\/tr>\n<tr>\n<td width=\"132\"><strong>Memory<\/strong><\/td>\n<td width=\"466\">\n<ul>\n<li>RAM: 12GB<\/li>\n<li>Internal Memory: 128GB, 256GB<\/li>\n<li>MicroSDXC: not supported.<\/li>\n<\/ul>\n<\/td>\n<\/tr>\n<tr>\n<td width=\"132\"><strong>Communication<\/strong><\/td>\n<td width=\"466\">\n<ul>\n<li>Bluetooth: 5.3, A2DP, LE, apt-X HD<\/li>\n<li>Speakers: Multi-stereo speakers installed<\/li>\n<li>Wireless internet: Wi-Fi 802.11 a\/b\/g\/n\/ac\/6e\/7, tri-band<\/li>\n<li>Ports: USB Type-C 3.2<\/li>\n<li>3.5mm jack: not supported<\/li>\n<li>FM Radio: No<\/li>\n<li>Global Positioning: GPS (L1+L5), GLONASS, GALILEO, BDS, QZSS, NavIC<\/li>\n<li>NFC: Yes, supported.<\/li>\n<\/ul>\n<\/td>\n<\/tr>\n<tr>\n<td width=\"132\"><strong>Sensors<\/strong><\/td>\n<td width=\"466\">\n<ul>\n<li>Fingerprint (under display, ultrasonic), accelerometer, gyro, proximity, compass, barometer<\/li>\n<li>Satellite SOS service<\/li>\n<li>Circle to Search<\/li>\n<\/ul>\n<\/td>\n<\/tr>\n<\/tbody>\n<\/table>\n","protected":false},"excerpt":{"rendered":"<p><strong>Google Pixel 9 features<\/strong><\/p>\n<ul>\n<li><strong>RAM<\/strong>: 12 GB<\/li>\n<li><strong>Internal Storage<\/strong>: 128GB, 256GB<\/li>\n<li><strong>Battery<\/strong>: 4700 mAh<\/li>\n<li><strong>Main camera<\/strong>: 50MP + 48MP<\/li>\n<li><strong>Front camera<\/strong>: 10.5 MP<\/li>\n<li><strong>Display<\/strong>: 6.4-inch, OLED<\/li>\n<li><strong>Processor<\/strong>: Google Tensor G4 (5 nm)<\/li>\n<li><strong>Connectivity<\/strong>: 3G, 4G, 5G, Wi-Fi<\/li>\n<li><strong>Colors<\/strong>: Obsidian, Porcelain, Wintergreen, Peony<\/li>\n<li><strong>OS<\/strong>: Android 14<\/li>\n<li><strong>NB:\u00a0<\/strong>No local warranty<\/li>\n<\/ul>\n","protected":false},"featured_media":2423,"comment_status":"open","ping_status":"closed","template":"","meta":{"_joinchat":[]},"product_brand":[],"product_cat":[68],"product_tag":[],"class_list":{"0":"post-2420","1":"product","2":"type-product","3":"status-publish","4":"has-post-thumbnail","6":"product_cat-google-pixel","8":"first","9":"instock","10":"taxable","11":"shipping-taxable","12":"purchasable","13":"product-type-variable"},"_links":{"self":[{"href":"https:\/\/supermobiles.co.ke\/index.php?rest_route=\/wp\/v2\/product\/2420","targetHints":{"allow":["GET"]}}],"collection":[{"href":"https:\/\/supermobiles.co.ke\/index.php?rest_route=\/wp\/v2\/product"}],"about":[{"href":"https:\/\/supermobiles.co.ke\/index.php?rest_route=\/wp\/v2\/types\/product"}],"replies":[{"embeddable":true,"href":"https:\/\/supermobiles.co.ke\/index.php?rest_route=%2Fwp%2Fv2%2Fcomments&post=2420"}],"wp:featuredmedia":[{"embeddable":true,"href":"https:\/\/supermobiles.co.ke\/index.php?rest_route=\/wp\/v2\/media\/2423"}],"wp:attachment":[{"href":"https:\/\/supermobiles.co.ke\/index.php?rest_route=%2Fwp%2Fv2%2Fmedia&parent=2420"}],"wp:term":[{"taxonomy":"product_brand","embeddable":true,"href":"https:\/\/supermobiles.co.ke\/index.php?rest_route=%2Fwp%2Fv2%2Fproduct_brand&post=2420"},{"taxonomy":"product_cat","embeddable":true,"href":"https:\/\/supermobiles.co.ke\/index.php?rest_route=%2Fwp%2Fv2%2Fproduct_cat&post=2420"},{"taxonomy":"product_tag","embeddable":true,"href":"https:\/\/supermobiles.co.ke\/index.php?rest_route=%2Fwp%2Fv2%2Fproduct_tag&post=2420"}],"curies":[{"name":"wp","href":"https:\/\/api.w.org\/{rel}","templated":true}]}}